{"id":3,"date":"2025-03-13T16:36:27","date_gmt":"2025-03-13T16:36:27","guid":{"rendered":"http:\/\/74.208.156.42\/CpcMichoacan\/?page_id=3"},"modified":"2025-03-14T19:51:10","modified_gmt":"2025-03-14T19:51:10","slug":"politica-privacidad","status":"publish","type":"page","link":"https:\/\/cpcmichoacan.org\/index.php\/politica-privacidad\/","title":{"rendered":"Pol\u00edtica de privacidad"},"content":{"rendered":"<div class=\"fusion-fullwidth fullwidth-box fusion-builder-row-1 fusion-flex-container nonhundred-percent-fullwidth non-hundred-percent-height-scrolling\" style=\"--awb-border-radius-top-left:0px;--awb-border-radius-top-right:0px;--awb-border-radius-bottom-right:0px;--awb-border-radius-bottom-left:0px;--awb-flex-wrap:wrap;\" ><div class=\"fusion-builder-row fusion-row fusion-flex-align-items-flex-start fusion-flex-content-wrap\" style=\"max-width:1248px;margin-left: calc(-4% \/ 2 );margin-right: calc(-4% \/ 2 );\"><div class=\"fusion-layout-column fusion_builder_column fusion-builder-column-0 fusion_builder_column_1_1 1_1 fusion-flex-column fusion-animated\" style=\"--awb-bg-position:center center;--awb-bg-size:cover;--awb-width-large:100%;--awb-margin-top-large:0px;--awb-spacing-right-large:1.92%;--awb-margin-bottom-large:0px;--awb-spacing-left-large:1.92%;--awb-width-medium:100%;--awb-order-medium:0;--awb-spacing-right-medium:1.92%;--awb-spacing-left-medium:1.92%;--awb-width-small:100%;--awb-order-small:0;--awb-spacing-right-small:1.92%;--awb-spacing-left-small:1.92%;\" data-animationType=\"fadeInDown\" data-animationDuration=\"1.7\" data-animationDelay=\"0.4\" data-animationOffset=\"top-into-view\" data-scroll-devices=\"small-visibility,medium-visibility,large-visibility\"><div class=\"fusion-column-wrapper lazyload fusion-column-has-shadow fusion-flex-justify-content-flex-start fusion-content-layout-column fusion-empty-column-bg-image fusion-column-has-bg-image\" data-bg-url=\"http:\/\/74.208.156.42\/CpcMichoacan\/wp-content\/uploads\/2025\/03\/michoacan.jpg\" data-bg=\"http:\/\/74.208.156.42\/CpcMichoacan\/wp-content\/uploads\/2025\/03\/michoacan.jpg\"><img decoding=\"async\" class=\"fusion-empty-dims-img-placeholder\" aria-label=\"michoacan\" src=\"data:image\/svg+xml,%3Csvg%20xmlns%3D%27http%3A%2F%2Fwww.w3.org%2F2000%2Fsvg%27%20width%3D%27766%27%20height%3D%27281%27%20viewBox%3D%270%200%20766%20281%27%3E%3Crect%20width%3D%27766%27%20height%3D%27281%27%20fill-opacity%3D%220%22%2F%3E%3C%2Fsvg%3E\"><\/div><\/div><div class=\"fusion-layout-column fusion_builder_column fusion-builder-column-1 fusion_builder_column_1_1 1_1 fusion-flex-column\" style=\"--awb-bg-position:center center;--awb-bg-size:cover;--awb-width-large:100%;--awb-margin-top-large:0px;--awb-spacing-right-large:1.92%;--awb-margin-bottom-large:0px;--awb-spacing-left-large:1.92%;--awb-width-medium:100%;--awb-order-medium:0;--awb-spacing-right-medium:1.92%;--awb-spacing-left-medium:1.92%;--awb-width-small:100%;--awb-order-small:0;--awb-spacing-right-small:1.92%;--awb-spacing-left-small:1.92%;\" data-scroll-devices=\"small-visibility,medium-visibility,large-visibility\"><div class=\"fusion-column-wrapper fusion-column-has-shadow fusion-flex-justify-content-flex-start fusion-content-layout-column\"><div class=\"fusion-separator fusion-full-width-sep\" style=\"align-self: center;margin-left: auto;margin-right: auto;margin-bottom:20px;width:100%;\"><\/div><\/div><\/div><div class=\"fusion-layout-column fusion_builder_column fusion-builder-column-2 fusion_builder_column_1_6 1_6 fusion-flex-column\" style=\"--awb-bg-size:cover;--awb-width-large:16.666666666667%;--awb-margin-top-large:0px;--awb-spacing-right-large:11.52%;--awb-margin-bottom-large:0px;--awb-spacing-left-large:11.52%;--awb-width-medium:16.666666666667%;--awb-order-medium:0;--awb-spacing-right-medium:11.52%;--awb-spacing-left-medium:11.52%;--awb-width-small:100%;--awb-order-small:0;--awb-spacing-right-small:1.92%;--awb-spacing-left-small:1.92%;\"><div class=\"fusion-column-wrapper fusion-column-has-shadow fusion-flex-justify-content-flex-start fusion-content-layout-column\"><\/div><\/div><div class=\"fusion-layout-column fusion_builder_column fusion-builder-column-3 fusion_builder_column_2_3 2_3 fusion-flex-column\" style=\"--awb-bg-size:cover;--awb-width-large:66.666666666667%;--awb-margin-top-large:0px;--awb-spacing-right-large:2.88%;--awb-margin-bottom-large:0px;--awb-spacing-left-large:2.88%;--awb-width-medium:66.666666666667%;--awb-spacing-right-medium:2.88%;--awb-spacing-left-medium:2.88%;--awb-width-small:100%;--awb-spacing-right-small:1.92%;--awb-spacing-left-small:1.92%;\"><div class=\"fusion-column-wrapper fusion-flex-justify-content-flex-start fusion-content-layout-column\"><div class=\"fusion-text fusion-text-1 fusion-animated\" style=\"--awb-content-alignment:justify;\" data-animationType=\"fadeInLeft\" data-animationDuration=\"1.4\" data-animationDelay=\"0.4\" data-animationOffset=\"top-into-view\"><p>Pol\u00edtica de Privacidad del CPC Michoac\u00e1n<\/p>\n<p>El Consejo de Participaci\u00f3n Ciudadana (CPC) Michoac\u00e1n, con domicilio en Artilleros del 47 640, Chapultepec Sur, 58280 Morelia, Mich, es responsable del tratamiento de sus datos personales. Los datos recabados ser\u00e1n utilizados para con fines meramente informatovos. Para m\u00e1s informaci\u00f3n sobre el uso de sus datos, p\u00f3ngase en contacto con nosotros a trav\u00e9s del correo \u00a0<a href=\"mailto:contacto@cpcmichoacan.org\">contacto@cpcmichoacan.org<\/a><\/p>\n<p>Datos Recabados: Recabamos nombre completo, correo electr\u00f3nico, n\u00famero de tel\u00e9fono y otros datos necesariospara las siguientes finalidades:<\/p>\n<p>1. Promover temas de anti corrupci\u00f3n en el estado de Michoac\u00e1n, incluyendo la recepci\u00f3n y seguimiento de denuncias, as\u00ed como la implementaci\u00f3n de medidas preventivas.<\/p>\n<p>2. Fomentar la mejora de la participaci\u00f3n ciudadana, facilitando canales de comunicaci\u00f3n entre la ciudadan\u00eda y el CPC Michoac\u00e1n para la propuesta de iniciativas, consultas y colaboraci\u00f3n en proyectos comunitarios.<\/p>\n<p>3. Enviar informaci\u00f3n relevante sobre actividades, programas y logros del CPC Michoac\u00e1n en materia de transparencia y participaci\u00f3n ciudadana.<\/p>\n<p>4. Generar estad\u00edsticas y an\u00e1lisis que permitan mejorar las estrategias y acciones del CPC Michoac\u00e1n en la lucha contra la corrupci\u00f3n y la promoci\u00f3n de la participaci\u00f3n ciudadana.<\/p>\n<p>Consentimiento: Al proporcionar sus datos, usted acepta el tratamiento de los mismos para las finalidades descritas. Puede revocar su consentimiento en cualquier momento.<\/p>\n<p>Derechos ARCO: Usted tiene derecho a acceder, rectificar, cancelar u oponerse al tratamiento de sus datos personales. Para ejercer estos derechos, contacte a <a href=\"mailto:contacto@cpcmichoacan.org\">contacto@cpcmichoacan.org<\/a><\/p>\n<p>Seguridad: Implementamos medidas de seguridad para proteger sus datos personales contra accesos no autorizados o p\u00e9rdidas.<\/p>\n<p>Cookies: Utilizamos cookies para mejorar su experiencia en nuestro sitio web. Puede desactivarlas en la configuraci\u00f3n de su navegador.<\/p>\n<p>Para m\u00e1s informaci\u00f3n, cont\u00e1ctenos en <a href=\"mailto:contacto@cpcmichoacan.org\">contacto@cpcmichoacan.org<\/a><\/p>\n<\/div><\/div><\/div><div class=\"fusion-layout-column fusion_builder_column fusion-builder-column-4 fusion_builder_column_1_6 1_6 fusion-flex-column fusion-animated\" style=\"--awb-bg-repeat:repeat-y;--awb-width-large:16.666666666667%;--awb-margin-top-large:0px;--awb-spacing-right-large:11.52%;--awb-margin-bottom-large:0px;--awb-spacing-left-large:11.52%;--awb-width-medium:16.666666666667%;--awb-order-medium:0;--awb-spacing-right-medium:11.52%;--awb-spacing-left-medium:11.52%;--awb-width-small:100%;--awb-order-small:0;--awb-spacing-right-small:1.92%;--awb-spacing-left-small:1.92%;\" data-animationType=\"fadeInRight\" data-animationDuration=\"1.8\" data-animationDelay=\"0.5\" data-animationOffset=\"top-into-view\" data-scroll-devices=\"small-visibility,medium-visibility,large-visibility\"><div class=\"fusion-column-wrapper lazyload fusion-column-has-shadow fusion-flex-justify-content-flex-start fusion-content-layout-column fusion-column-has-bg-image\" data-bg-url=\"http:\/\/74.208.156.42\/CpcMichoacan\/wp-content\/uploads\/2025\/03\/7756903.jpg\" data-bg=\"http:\/\/74.208.156.42\/CpcMichoacan\/wp-content\/uploads\/2025\/03\/7756903.jpg\"><div class=\"fusion-separator fusion-full-width-sep\" style=\"align-self: center;margin-left: auto;margin-right: auto;margin-bottom:1000px;width:100%;\"><\/div><\/div><\/div><\/div><\/div>\n","protected":false},"excerpt":{"rendered":"","protected":false},"author":1,"featured_media":0,"parent":0,"menu_order":0,"comment_status":"closed","ping_status":"open","template":"","meta":{"footnotes":""},"class_list":["post-3","page","type-page","status-publish","hentry"],"_links":{"self":[{"href":"https:\/\/cpcmichoacan.org\/index.php\/wp-json\/wp\/v2\/pages\/3","targetHints":{"allow":["GET"]}}],"collection":[{"href":"https:\/\/cpcmichoacan.org\/index.php\/wp-json\/wp\/v2\/pages"}],"about":[{"href":"https:\/\/cpcmichoacan.org\/index.php\/wp-json\/wp\/v2\/types\/page"}],"author":[{"embeddable":true,"href":"https:\/\/cpcmichoacan.org\/index.php\/wp-json\/wp\/v2\/users\/1"}],"replies":[{"embeddable":true,"href":"https:\/\/cpcmichoacan.org\/index.php\/wp-json\/wp\/v2\/comments?post=3"}],"version-history":[{"count":11,"href":"https:\/\/cpcmichoacan.org\/index.php\/wp-json\/wp\/v2\/pages\/3\/revisions"}],"predecessor-version":[{"id":3405,"href":"https:\/\/cpcmichoacan.org\/index.php\/wp-json\/wp\/v2\/pages\/3\/revisions\/3405"}],"wp:attachment":[{"href":"https:\/\/cpcmichoacan.org\/index.php\/wp-json\/wp\/v2\/media?parent=3"}],"curies":[{"name":"wp","href":"https:\/\/api.w.org\/{rel}","templated":true}]}}